{"id":1619,"date":"2026-04-22T19:51:15","date_gmt":"2026-04-22T17:51:15","guid":{"rendered":"https:\/\/www.lmb86.fr\/lycee\/?page_id=1619"},"modified":"2026-04-22T20:50:15","modified_gmt":"2026-04-22T18:50:15","slug":"documents-divers","status":"publish","type":"page","link":"https:\/\/www.lmb86.fr\/lycee\/documents-divers\/","title":{"rendered":"Documents divers"},"content":{"rendered":"\n<p>Sur cette page, vous trouverez diff\u00e9rentes ressources en lien avec notre lyc\u00e9e ( <em>dossiers de candidatures sp\u00e9cifiques, etc&#8230;<\/em>) <\/p>\n\n\n\n<p>&nbsp;<\/p>\n\n\n\n<h3 class=\"wp-block-heading\">Dossiers de candidatures (<em>\u00e0 remplir puis \u00e0 faire parvenir au lyc\u00e9e<\/em>)&nbsp; :<\/h3>\n\n\n\n<p>&nbsp;<\/p>\n\n\n\n<ul class=\"wp-block-list\">\n<li>Dossier Bac Francais International Trilingue (BFI) rentr\u00e9e 2026  :  <a href=\"https:\/\/www.lmb86.fr\/lycee\/le-bfi-bac-francais-international-trilingue-anglais-italien\/\">descriptif<\/a>   \/   <a href=\"https:\/\/www.lmb86.fr\/lycee\/wp-content\/uploads\/2025\/12\/Dossier_candidature_BFI_2026.pdf\">dossier pdf <\/a><br><\/li>\n\n\n\n<li>Dossier Section Sportive Handball 2026\/2027&nbsp; : <a href=\"https:\/\/www.lmb86.fr\/lycee\/wp-content\/uploads\/2026\/04\/Dossier_candidature_section_HB_Berthelot_2026-2027.pdf\">dossier pdf<\/a>  <\/li>\n<\/ul>\n\n\n\n<p><\/p>\n","protected":false},"excerpt":{"rendered":"<p>Sur cette page, vous trouverez diff\u00e9rentes ressources en lien avec notre lyc\u00e9e ( dossiers de candidatures sp\u00e9cifiques, etc&#8230;) &nbsp; Dossiers de candidatures (\u00e0 remplir puis \u00e0 faire parvenir au lyc\u00e9e)&nbsp; : &nbsp;<\/p>\n","protected":false},"author":1,"featured_media":0,"parent":0,"menu_order":0,"comment_status":"closed","ping_status":"closed","template":"","meta":{"footnotes":""},"class_list":["post-1619","page","type-page","status-publish","hentry"],"_links":{"self":[{"href":"https:\/\/www.lmb86.fr\/lycee\/wp-json\/wp\/v2\/pages\/1619","targetHints":{"allow":["GET"]}}],"collection":[{"href":"https:\/\/www.lmb86.fr\/lycee\/wp-json\/wp\/v2\/pages"}],"about":[{"href":"https:\/\/www.lmb86.fr\/lycee\/wp-json\/wp\/v2\/types\/page"}],"author":[{"embeddable":true,"href":"https:\/\/www.lmb86.fr\/lycee\/wp-json\/wp\/v2\/users\/1"}],"replies":[{"embeddable":true,"href":"https:\/\/www.lmb86.fr\/lycee\/wp-json\/wp\/v2\/comments?post=1619"}],"version-history":[{"count":10,"href":"https:\/\/www.lmb86.fr\/lycee\/wp-json\/wp\/v2\/pages\/1619\/revisions"}],"predecessor-version":[{"id":1639,"href":"https:\/\/www.lmb86.fr\/lycee\/wp-json\/wp\/v2\/pages\/1619\/revisions\/1639"}],"wp:attachment":[{"href":"https:\/\/www.lmb86.fr\/lycee\/wp-json\/wp\/v2\/media?parent=1619"}],"curies":[{"name":"wp","href":"https:\/\/api.w.org\/{rel}","templated":true}]}}